{"id":9366,"date":"2021-05-17T15:03:34","date_gmt":"2021-05-17T12:03:34","guid":{"rendered":"https:\/\/nurpet.com.tr\/company-profile\/"},"modified":"2025-05-15T10:39:31","modified_gmt":"2025-05-15T07:39:31","slug":"firma-profili","status":"publish","type":"page","link":"https:\/\/nurpet.com.tr\/tr\/firma-profili\/","title":{"rendered":"Firma Profili"},"content":{"rendered":"\n<div class=\"wp-block-media-text alignwide has-media-on-the-right is-stacked-on-mobile is-vertically-aligned-top\"><div class=\"wp-block-media-text__content\">\n<p><strong>Nurpet Ambalaj<\/strong>, 1989 y\u0131l\u0131nda kurulan ve g\u0131da sekt\u00f6r\u00fcne y\u00f6nelik <strong>PET \u015fi\u015fe<\/strong>, <strong>PET kavanoz<\/strong> ve <strong>PET preform<\/strong> \u00fcretimi yapan k\u00f6kl\u00fc bir ambalaj firmas\u0131d\u0131r. Kurulu\u015fundan bu yana yenilik\u00e7ili\u011fi, kaliteyi ve m\u00fc\u015fteri memnuniyetini \u00f6n planda tutarak sekt\u00f6rde g\u00fcvenilir bir \u00e7\u00f6z\u00fcm orta\u011f\u0131 olmay\u0131 ba\u015farm\u0131\u015ft\u0131r.<\/p>\n\n\n\n<p><strong>Manisa\u2019daki modern \u00fcretim tesisimiz<\/strong>, y\u00fcksek kapasiteli makine parkurumuz ve deneyimli ekibimizle, T\u00fcrkiye\u2019nin d\u00f6rt bir yan\u0131na ve d\u00fcnyan\u0131n bir\u00e7ok noktas\u0131na kaliteli \u00fcretim sunmaktay\u0131z. <strong>\u0130stanbul\u2019daki showroom ve ofisimiz<\/strong>, m\u00fc\u015fterilerimizle do\u011frudan temas kurarak h\u0131zl\u0131 ve etkili \u00e7\u00f6z\u00fcmler \u00fcretmemize olanak tan\u0131maktad\u0131r. Ayr\u0131ca, <strong>Amerika\u2019daki ofis ve depomuz<\/strong> sayesinde k\u00fcresel pazarda daha g\u00fc\u00e7l\u00fc bir varl\u0131k g\u00f6stermekteyiz.<\/p>\n\n\n\n<p>Ar-Ge yat\u0131r\u0131mlar\u0131m\u0131z ve teknik ofisimizdeki uzman kadromuz ile, m\u00fc\u015fterilerimizin ihtiya\u00e7lar\u0131na \u00f6zel tasar\u0131mlar ve projeler geli\u015ftiriyoruz. D\u00fcnya standartlar\u0131ndaki \u00fcretim teknolojilerimizle, geni\u015f \u00fcr\u00fcn gam\u0131m\u0131z\u0131 her ge\u00e7en g\u00fcn geli\u015ftiriyor, end\u00fcstriyel tasar\u0131m g\u00fcc\u00fcm\u00fczle fark yarat\u0131yoruz.<\/p>\n\n\n\n<p><strong>Nurpet<\/strong>, m\u00fc\u015fterilerine h\u0131zl\u0131, kaliteli, yenilik\u00e7i ve ula\u015f\u0131labilir \u00e7\u00f6z\u00fcmler sunmay\u0131 ilke edinmi\u015ftir. T\u00fcrkiye\u2019nin \u00f6nde gelen ambalaj \u00fcreticilerinden biri olarak, global pazarda da \u00fclkemizi ba\u015far\u0131yla temsil etmeye devam ediyoruz.<\/p>\n<\/div><figure class=\"wp-block-media-text__media\"><img decoding=\"async\" loading=\"lazy\" width=\"768\" height=\"1024\" src=\"https:\/\/nurpet.com.tr\/wp-content\/uploads\/2021\/05\/WhatsApp-Image-2021-05-27-at-10.35.16-AM-1.jpeg\" alt=\"\" class=\"wp-image-9459 size-full\" srcset=\"https:\/\/nurpet.com.tr\/wp-content\/uploads\/2021\/05\/WhatsApp-Image-2021-05-27-at-10.35.16-AM-1.jpeg 768w, https:\/\/nurpet.com.tr\/wp-content\/uploads\/2021\/05\/WhatsApp-Image-2021-05-27-at-10.35.16-AM-1-225x300.jpeg 225w\" sizes=\"(max-width: 768px) 100vw, 768px\" \/><\/figure><\/div>\n","protected":false},"excerpt":{"rendered":"<p>Nurpet Ambalaj, 1989 y\u0131l\u0131nda kurulan ve g\u0131da sekt\u00f6r\u00fcne y\u00f6nelik PET \u015fi\u015fe, PET kavanoz ve PET preform \u00fcretimi yapan k\u00f6kl\u00fc bir ambalaj firmas\u0131d\u0131r. Kurulu\u015fundan bu yana yenilik\u00e7ili\u011fi, kaliteyi ve m\u00fc\u015fteri memnuniyetini \u00f6n planda tutarak sekt\u00f6rde g\u00fcvenilir bir \u00e7\u00f6z\u00fcm orta\u011f\u0131 olmay\u0131 ba\u015farm\u0131\u015ft\u0131r. Manisa\u2019daki modern \u00fcretim tesisimiz, y\u00fcksek kapasiteli makine parkurumuz ve deneyimli ekibimizle, T\u00fcrkiye\u2019nin d\u00f6rt bir yan\u0131na [&hellip;]<\/p>\n","protected":false},"author":1,"featured_media":0,"parent":0,"menu_order":0,"comment_status":"closed","ping_status":"closed","template":"","meta":[],"_links":{"self":[{"href":"https:\/\/nurpet.com.tr\/tr\/wp-json\/wp\/v2\/pages\/9366"}],"collection":[{"href":"https:\/\/nurpet.com.tr\/tr\/wp-json\/wp\/v2\/pages"}],"about":[{"href":"https:\/\/nurpet.com.tr\/tr\/wp-json\/wp\/v2\/types\/page"}],"author":[{"embeddable":true,"href":"https:\/\/nurpet.com.tr\/tr\/wp-json\/wp\/v2\/users\/1"}],"replies":[{"embeddable":true,"href":"https:\/\/nurpet.com.tr\/tr\/wp-json\/wp\/v2\/comments?post=9366"}],"version-history":[{"count":6,"href":"https:\/\/nurpet.com.tr\/tr\/wp-json\/wp\/v2\/pages\/9366\/revisions"}],"predecessor-version":[{"id":14741,"href":"https:\/\/nurpet.com.tr\/tr\/wp-json\/wp\/v2\/pages\/9366\/revisions\/14741"}],"wp:attachment":[{"href":"https:\/\/nurpet.com.tr\/tr\/wp-json\/wp\/v2\/media?parent=9366"}],"curies":[{"name":"wp","href":"https:\/\/api.w.org\/{rel}","templated":true}]}}