{"id":9368,"date":"2021-05-19T08:31:27","date_gmt":"2021-05-19T05:31:27","guid":{"rendered":"https:\/\/nurpet.com.tr\/design-rd\/"},"modified":"2021-06-21T12:26:38","modified_gmt":"2021-06-21T09:26:38","slug":"tasarim-arge","status":"publish","type":"page","link":"https:\/\/nurpet.com.tr\/tr\/tasarim-arge\/","title":{"rendered":"Tasar\u0131m ve AR &#038; GE"},"content":{"rendered":"\n<div class=\"wp-block-columns is-layout-flex wp-container-3\">\n<div class=\"wp-block-column is-layout-flow\">\n<p>Globalle\u015fen ve geli\u015fimi s\u00fcrekli h\u0131zlanan teknoloji ve a\u011f\u0131rla\u015fan rekabet ko\u015fullar\u0131, gelece\u011fin stratejik teknoloji ve \u00fcr\u00fcnlerine y\u00f6nelik yo\u011fun ve s\u00fcrekli AR-Ge etkinli\u011fini ka\u00e7\u0131n\u0131lmaz k\u0131lmaktad\u0131r. Bilinmeyeni bilme, geli\u015ftirmeye y\u00f6nelik bilimsel teknolojik faaliyetler olu\u015fturma, mevcut bilgiyi veya teknolojiyi yeni d\u00fczenlemelerle daha iyiye do\u011fru y\u00f6nlendirme \u00e7al\u0131\u015fmalar\u0131 i\u00e7erisinde bulunan Ar-Ge departman\u0131m\u0131z, \u00fcretim h\u0131z\u0131n\u0131 artt\u0131rma, kaliteyi iyile\u015ftirme, maliyetleri d\u00fc\u015f\u00fcrme gibi temel unsurlar\u0131n yan\u0131nda ileri teknolojileri uygulama ve geli\u015ftirmenin getirece\u011fi rekabet \u00fcst\u00fcnl\u00fc\u011f\u00fcn\u00fcn bilinciyle \u00e7al\u0131\u015fmalar\u0131na y\u00f6n vermi\u015ftir. G\u00fcn\u00fcm\u00fczde \u00fcr\u00fcn sat\u0131\u015flar\u0131n\u0131 en \u00e7ok etkileyen fakt\u00f6r ambalajd\u0131r. Nurpet bu fakt\u00f6r\u00fc g\u00f6z \u00f6n\u00fcnde bulundurarak bir tasar\u0131m departman\u0131 kurmu\u015f ve bu do\u011frultuda m\u00fc\u015fterilerimizin kullan\u0131m ama\u00e7lar\u0131na en uygun ambalaj\u0131n tasar\u0131m\u0131n\u0131 yaparak be\u011fenilerinize sunmaktad\u0131r..<\/p>\n<\/div>\n\n\n\n<div class=\"wp-block-column is-layout-flow\">\n<figure class=\"wp-block-image size-large\"><img decoding=\"async\" loading=\"lazy\" width=\"444\" height=\"515\" src=\"https:\/\/nurpet.com.tr\/wp-content\/uploads\/2021\/05\/design-rd.png\" alt=\"\" class=\"wp-image-7038\" srcset=\"https:\/\/nurpet.com.tr\/wp-content\/uploads\/2021\/05\/design-rd.png 444w, https:\/\/nurpet.com.tr\/wp-content\/uploads\/2021\/05\/design-rd-259x300.png 259w\" sizes=\"(max-width: 444px) 100vw, 444px\" \/><\/figure>\n<\/div>\n<\/div>\n\n\n\n<figure class=\"wp-block-gallery columns-0 is-cropped wp-block-gallery-4 is-layout-flex\"><ul class=\"blocks-gallery-grid\"><li class=\"blocks-gallery-item\"><figure><img decoding=\"async\" loading=\"lazy\" width=\"1024\" height=\"681\" src=\"https:\/\/nurpet.com.tr\/wp-content\/uploads\/2021\/06\/arge1-1024x681.jpg\" alt=\"\" data-id=\"11507\" data-full-url=\"https:\/\/nurpet.com.tr\/wp-content\/uploads\/2021\/06\/arge1.jpg\" data-link=\"https:\/\/nurpet.com.tr\/design-rd\/arge1\/\" class=\"wp-image-11507\" srcset=\"https:\/\/nurpet.com.tr\/wp-content\/uploads\/2021\/06\/arge1-1024x681.jpg 1024w, https:\/\/nurpet.com.tr\/wp-content\/uploads\/2021\/06\/arge1-300x200.jpg 300w, https:\/\/nurpet.com.tr\/wp-content\/uploads\/2021\/06\/arge1-768x511.jpg 768w, https:\/\/nurpet.com.tr\/wp-content\/uploads\/2021\/06\/arge1-1536x1021.jpg 1536w, https:\/\/nurpet.com.tr\/wp-content\/uploads\/2021\/06\/arge1.jpg 1600w\" sizes=\"(max-width: 1024px) 100vw, 1024px\" \/><\/figure><\/li><li class=\"blocks-gallery-item\"><figure><img decoding=\"async\" loading=\"lazy\" width=\"1024\" height=\"681\" src=\"https:\/\/nurpet.com.tr\/wp-content\/uploads\/2021\/06\/arge-2-1024x681.jpg\" alt=\"\" data-id=\"11508\" data-full-url=\"https:\/\/nurpet.com.tr\/wp-content\/uploads\/2021\/06\/arge-2.jpg\" data-link=\"https:\/\/nurpet.com.tr\/design-rd\/arge-2\/\" class=\"wp-image-11508\" srcset=\"https:\/\/nurpet.com.tr\/wp-content\/uploads\/2021\/06\/arge-2-1024x681.jpg 1024w, https:\/\/nurpet.com.tr\/wp-content\/uploads\/2021\/06\/arge-2-300x200.jpg 300w, https:\/\/nurpet.com.tr\/wp-content\/uploads\/2021\/06\/arge-2-768x511.jpg 768w, https:\/\/nurpet.com.tr\/wp-content\/uploads\/2021\/06\/arge-2-1536x1021.jpg 1536w, https:\/\/nurpet.com.tr\/wp-content\/uploads\/2021\/06\/arge-2.jpg 1600w\" sizes=\"(max-width: 1024px) 100vw, 1024px\" \/><\/figure><\/li><\/ul><\/figure>\n","protected":false},"excerpt":{"rendered":"<p>Globalle\u015fen ve geli\u015fimi s\u00fcrekli h\u0131zlanan teknoloji ve a\u011f\u0131rla\u015fan rekabet ko\u015fullar\u0131, gelece\u011fin stratejik teknoloji ve \u00fcr\u00fcnlerine y\u00f6nelik yo\u011fun ve s\u00fcrekli AR-Ge etkinli\u011fini ka\u00e7\u0131n\u0131lmaz k\u0131lmaktad\u0131r. Bilinmeyeni bilme, geli\u015ftirmeye y\u00f6nelik bilimsel teknolojik faaliyetler olu\u015fturma, mevcut bilgiyi veya teknolojiyi yeni d\u00fczenlemelerle daha iyiye do\u011fru y\u00f6nlendirme \u00e7al\u0131\u015fmalar\u0131 i\u00e7erisinde bulunan Ar-Ge departman\u0131m\u0131z, \u00fcretim h\u0131z\u0131n\u0131 artt\u0131rma, kaliteyi iyile\u015ftirme, maliyetleri d\u00fc\u015f\u00fcrme gibi temel [&hellip;]<\/p>\n","protected":false},"author":1,"featured_media":0,"parent":0,"menu_order":0,"comment_status":"closed","ping_status":"closed","template":"","meta":[],"_links":{"self":[{"href":"https:\/\/nurpet.com.tr\/tr\/wp-json\/wp\/v2\/pages\/9368"}],"collection":[{"href":"https:\/\/nurpet.com.tr\/tr\/wp-json\/wp\/v2\/pages"}],"about":[{"href":"https:\/\/nurpet.com.tr\/tr\/wp-json\/wp\/v2\/types\/page"}],"author":[{"embeddable":true,"href":"https:\/\/nurpet.com.tr\/tr\/wp-json\/wp\/v2\/users\/1"}],"replies":[{"embeddable":true,"href":"https:\/\/nurpet.com.tr\/tr\/wp-json\/wp\/v2\/comments?post=9368"}],"version-history":[{"count":5,"href":"https:\/\/nurpet.com.tr\/tr\/wp-json\/wp\/v2\/pages\/9368\/revisions"}],"predecessor-version":[{"id":11510,"href":"https:\/\/nurpet.com.tr\/tr\/wp-json\/wp\/v2\/pages\/9368\/revisions\/11510"}],"wp:attachment":[{"href":"https:\/\/nurpet.com.tr\/tr\/wp-json\/wp\/v2\/media?parent=9368"}],"curies":[{"name":"wp","href":"https:\/\/api.w.org\/{rel}","templated":true}]}}