{"id":9369,"date":"2021-05-19T08:27:35","date_gmt":"2021-05-19T05:27:35","guid":{"rendered":"https:\/\/nurpet.com.tr\/enviromental-policy\/"},"modified":"2021-05-28T16:34:47","modified_gmt":"2021-05-28T13:34:47","slug":"cevre-politikasi","status":"publish","type":"page","link":"https:\/\/nurpet.com.tr\/tr\/cevre-politikasi\/","title":{"rendered":"\u00c7evre Politikas\u0131"},"content":{"rendered":"\n<div class=\"wp-block-columns is-layout-flex wp-container-3\">\n<div class=\"wp-block-column is-layout-flow\">\n<p>Nurpet Ambalaj olarak \u00e7evre politikam\u0131z\u0131n temel \u00f6\u011feleri \u015funlard\u0131r;<\/p>\n\n\n\n<p>a. Do\u011fal kaynaklar\u0131 sorumlu ve verimli bir \u015fekilde kullanmak<\/p>\n\n\n\n<p>b. Yenilenemez kaynaklar\u0131 korumak<\/p>\n\n\n\n<p>c. \u00dcretim s\u00fcrecinde m\u00fcmk\u00fcn oldu\u011fu kadar yenilenebilir ve temiz enerji kaynaklar\u0131n\u0131 tercih etmek<\/p>\n\n\n\n<p>d. Enerji tasarrufu sa\u011flamak<\/p>\n\n\n\n<p>e. \u00c7evre dostu \u00fcr\u00fcnler \u00fcretmek ve \u00e7evre dostu \u00fcretim s\u00fcre\u00e7lerini i\u015fletmede uygulamak<\/p>\n\n\n\n<p>f. \u00dcretilen \u00fcr\u00fcnleri ve \u00fcretim s\u00fcrecini iyile\u015ftirmek<\/p>\n\n\n\n<p>g. \u00dcretimde fire oran\u0131n\u0131 en aza indirmek<\/p>\n\n\n\n<p>h. Geri d\u00f6n\u00fc\u015f\u00fcml\u00fc malzemeler kullanmak<\/p>\n\n\n\n<p>i. \u00c7evre dostu teknolojiler kullanmak<\/p>\n\n\n\n<p>j. Kazalara kar\u015f\u0131 haz\u0131r olmak ve zarara u\u011fram\u0131\u015f \u00e7evreyi onarmak<\/p>\n\n\n\n<p>k. Tedarik\u00e7ileri konuyla ilgili bilgilendirmek ve gereken \u00f6nlemleri almalar\u0131 i\u00e7in destek olmak<\/p>\n\n\n\n<p>l. Kamuyu i\u015fletmenin neden oldu\u011fu sa\u011fl\u0131k, g\u00fcvenlik ve\/veya \u00e7evre sorunlar\u0131 konusunda bilgilendirmek<\/p>\n\n\n\n<p>m. Kabul g\u00f6ren \u00e7evreci denetleme y\u00f6ntemlerini geli\u015ftirilmesini desteklemek vce gerekli raporlar\u0131 d\u00fczenlemek<\/p>\n\n\n\n<p>n. \u00c7evreci guruplar ile i\u015fbirli\u011fi i\u00e7erisinde olmak<\/p>\n\n\n\n<p>o. Sivil toplum \u00f6rg\u00fctleriyle projeler geli\u015ftirmek<\/p>\n\n\n\n<p>p. Faaliyetleri sonucu ortaya \u00e7\u0131kan at\u0131klar\u0131 ve at\u0131klar\u0131n zarar\u0131n\u0131 azaltmak ya da yeniden kullan\u0131m\u0131n\u0131 sa\u011flamak amac\u0131yla ar\u0131tma tesisi kurmak<\/p>\n<\/div>\n\n\n\n<div class=\"wp-block-column is-layout-flow\">\n<figure class=\"wp-block-image size-large\"><img decoding=\"async\" loading=\"lazy\" width=\"444\" height=\"515\" src=\"https:\/\/nurpet.com.tr\/wp-content\/uploads\/2021\/05\/enviromental.png\" alt=\"\" class=\"wp-image-6879\" srcset=\"https:\/\/nurpet.com.tr\/wp-content\/uploads\/2021\/05\/enviromental.png 444w, https:\/\/nurpet.com.tr\/wp-content\/uploads\/2021\/05\/enviromental-259x300.png 259w\" sizes=\"(max-width: 444px) 100vw, 444px\" \/><\/figure>\n<\/div>\n<\/div>\n","protected":false},"excerpt":{"rendered":"<p>Nurpet Ambalaj olarak \u00e7evre politikam\u0131z\u0131n temel \u00f6\u011feleri \u015funlard\u0131r; a. Do\u011fal kaynaklar\u0131 sorumlu ve verimli bir \u015fekilde kullanmak b. Yenilenemez kaynaklar\u0131 korumak c. \u00dcretim s\u00fcrecinde m\u00fcmk\u00fcn oldu\u011fu kadar yenilenebilir ve temiz enerji kaynaklar\u0131n\u0131 tercih etmek d. Enerji tasarrufu sa\u011flamak e. \u00c7evre dostu \u00fcr\u00fcnler \u00fcretmek ve \u00e7evre dostu \u00fcretim s\u00fcre\u00e7lerini i\u015fletmede uygulamak f. \u00dcretilen \u00fcr\u00fcnleri ve \u00fcretim [&hellip;]<\/p>\n","protected":false},"author":1,"featured_media":0,"parent":0,"menu_order":0,"comment_status":"closed","ping_status":"closed","template":"","meta":[],"_links":{"self":[{"href":"https:\/\/nurpet.com.tr\/tr\/wp-json\/wp\/v2\/pages\/9369"}],"collection":[{"href":"https:\/\/nurpet.com.tr\/tr\/wp-json\/wp\/v2\/pages"}],"about":[{"href":"https:\/\/nurpet.com.tr\/tr\/wp-json\/wp\/v2\/types\/page"}],"author":[{"embeddable":true,"href":"https:\/\/nurpet.com.tr\/tr\/wp-json\/wp\/v2\/users\/1"}],"replies":[{"embeddable":true,"href":"https:\/\/nurpet.com.tr\/tr\/wp-json\/wp\/v2\/comments?post=9369"}],"version-history":[{"count":4,"href":"https:\/\/nurpet.com.tr\/tr\/wp-json\/wp\/v2\/pages\/9369\/revisions"}],"predecessor-version":[{"id":9528,"href":"https:\/\/nurpet.com.tr\/tr\/wp-json\/wp\/v2\/pages\/9369\/revisions\/9528"}],"wp:attachment":[{"href":"https:\/\/nurpet.com.tr\/tr\/wp-json\/wp\/v2\/media?parent=9369"}],"curies":[{"name":"wp","href":"https:\/\/api.w.org\/{rel}","templated":true}]}}