{"id":9371,"date":"2021-05-19T08:18:44","date_gmt":"2021-05-19T05:18:44","guid":{"rendered":"https:\/\/nurpet.com.tr\/mission-and-vision\/"},"modified":"2021-05-28T16:35:47","modified_gmt":"2021-05-28T13:35:47","slug":"misyon-ve-vizyon","status":"publish","type":"page","link":"https:\/\/nurpet.com.tr\/tr\/misyon-ve-vizyon\/","title":{"rendered":"Misyon ve Vizyon"},"content":{"rendered":"\n<figure class=\"wp-block-image size-large\"><img decoding=\"async\" loading=\"lazy\" width=\"1024\" height=\"296\" src=\"https:\/\/nurpet.com.tr\/wp-content\/uploads\/2021\/05\/mission-1024x296.png\" alt=\"\" class=\"wp-image-6625\" srcset=\"https:\/\/nurpet.com.tr\/wp-content\/uploads\/2021\/05\/mission-1024x296.png 1024w, https:\/\/nurpet.com.tr\/wp-content\/uploads\/2021\/05\/mission-300x87.png 300w, https:\/\/nurpet.com.tr\/wp-content\/uploads\/2021\/05\/mission-768x222.png 768w, https:\/\/nurpet.com.tr\/wp-content\/uploads\/2021\/05\/mission-1536x443.png 1536w, https:\/\/nurpet.com.tr\/wp-content\/uploads\/2021\/05\/mission.png 1808w\" sizes=\"(max-width: 1024px) 100vw, 1024px\" \/><\/figure>\n\n\n\n<div class=\"wp-block-columns is-layout-flex wp-container-3\">\n<div class=\"wp-block-column is-layout-flow\">\n<h1 class=\"wp-block-heading\">M\u0130SYON<\/h1>\n\n\n\n<p>\u201cM\u00fc\u015fteri \u00fcr\u00fcnlerine de\u011fer katacak pet ambalajlar \u00fcretirken\u201d<\/p>\n\n\n\n<ul><li>Kalitede s\u00fcreklili\u011fi sa\u011fla,<\/li><li>H\u0131zl\u0131 \u00fcret,<\/li><li>Esnek ol,<\/li><li>Tasar\u0131m kabiliyetini kullan,<\/li><li>Yenilik\u00e7i \u00e7\u00f6z\u00fcmler sun,<\/li><li>Ula\u015f\u0131labilir ol.<\/li><\/ul>\n<\/div>\n\n\n\n<div class=\"wp-block-column is-layout-flow\">\n<h1 class=\"wp-block-heading\">V\u0130ZYON<\/h1>\n\n\n\n<p>\u201cPet ambalaj sekt\u00f6r\u00fcnde, profesyonel y\u00f6netim anlay\u0131\u015f\u0131yla b\u00fcy\u00fcyen, tasar\u0131m esnekli\u011fiyle D\u00fcnya\u2019n\u0131n en geni\u015f \u00fcr\u00fcn gam\u0131na sahip, k\u00fcresel bir \u00fcretici olmak.\u201d<\/p>\n<\/div>\n<\/div>\n","protected":false},"excerpt":{"rendered":"<p>M\u0130SYON \u201cM\u00fc\u015fteri \u00fcr\u00fcnlerine de\u011fer katacak pet ambalajlar \u00fcretirken\u201d Kalitede s\u00fcreklili\u011fi sa\u011fla, H\u0131zl\u0131 \u00fcret, Esnek ol, Tasar\u0131m kabiliyetini kullan, Yenilik\u00e7i \u00e7\u00f6z\u00fcmler sun, Ula\u015f\u0131labilir ol. V\u0130ZYON \u201cPet ambalaj sekt\u00f6r\u00fcnde, profesyonel y\u00f6netim anlay\u0131\u015f\u0131yla b\u00fcy\u00fcyen, tasar\u0131m esnekli\u011fiyle D\u00fcnya\u2019n\u0131n en geni\u015f \u00fcr\u00fcn gam\u0131na sahip, k\u00fcresel bir \u00fcretici olmak.\u201d<\/p>\n","protected":false},"author":1,"featured_media":0,"parent":0,"menu_order":0,"comment_status":"closed","ping_status":"closed","template":"","meta":[],"_links":{"self":[{"href":"https:\/\/nurpet.com.tr\/tr\/wp-json\/wp\/v2\/pages\/9371"}],"collection":[{"href":"https:\/\/nurpet.com.tr\/tr\/wp-json\/wp\/v2\/pages"}],"about":[{"href":"https:\/\/nurpet.com.tr\/tr\/wp-json\/wp\/v2\/types\/page"}],"author":[{"embeddable":true,"href":"https:\/\/nurpet.com.tr\/tr\/wp-json\/wp\/v2\/users\/1"}],"replies":[{"embeddable":true,"href":"https:\/\/nurpet.com.tr\/tr\/wp-json\/wp\/v2\/comments?post=9371"}],"version-history":[{"count":3,"href":"https:\/\/nurpet.com.tr\/tr\/wp-json\/wp\/v2\/pages\/9371\/revisions"}],"predecessor-version":[{"id":9532,"href":"https:\/\/nurpet.com.tr\/tr\/wp-json\/wp\/v2\/pages\/9371\/revisions\/9532"}],"wp:attachment":[{"href":"https:\/\/nurpet.com.tr\/tr\/wp-json\/wp\/v2\/media?parent=9371"}],"curies":[{"name":"wp","href":"https:\/\/api.w.org\/{rel}","templated":true}]}}