{"id":9372,"date":"2021-05-19T08:24:11","date_gmt":"2021-05-19T05:24:11","guid":{"rendered":"https:\/\/nurpet.com.tr\/quality-policy-certifications\/"},"modified":"2025-05-07T15:25:24","modified_gmt":"2025-05-07T12:25:24","slug":"kalite-politikasi-sertifika","status":"publish","type":"page","link":"https:\/\/nurpet.com.tr\/tr\/kalite-politikasi-sertifika\/","title":{"rendered":"Kalite ve \u00dcr\u00fcn G\u00fcvenli\u011fi Politikas\u0131"},"content":{"rendered":"\n<p>Nurpet Ambalaj A.\u015e., yasa ve mevzuatlara uyan, her zaman en kaliteli \u00fcr\u00fcnlerle m\u00fc\u015fterilerinin sa\u011fl\u0131\u011f\u0131n\u0131 \u00f6n planda tutan, m\u00fc\u015fteri memnuniyeti odakl\u0131 \u00e7al\u0131\u015fan, i\u00e7 e\u011fitimlere \u00f6nem vererek personelin kat\u0131l\u0131m\u0131n\u0131 sa\u011flayan, s\u00fcrekli iyile\u015fme ve geli\u015fme i\u00e7erisinde olmay\u0131 ama\u00e7 edinmi\u015f bir firmad\u0131r.<\/p>\n\n\n\n<p>Kurulu\u015fumuzda, BRCGS Ambalaj Standard\u0131n\u0131n t\u00fcm \u00f6n gereksinim ko\u015fullar\u0131 uygulan\u0131r ve gerekli noktalarda \u00f6l\u00e7\u00fcmler yap\u0131larak yeterlilikleri takip edilir. \u00dcr\u00fcn g\u00fcvenli\u011fi k\u00fclt\u00fcr\u00fcn\u00fc artt\u0131rmak i\u00e7in haz\u0131rlanan k\u00fclt\u00fcr plan\u0131na g\u00f6re olumlu k\u00fclt\u00fcr de\u011fi\u015fiklikleri hedeflenir. \u0130leti\u015fim, e\u011fitim, olumlu davran\u0131\u015f de\u011fi\u015fiklikleri i\u00e7in planlanan aksiyonlar ve geli\u015ftirici aktiviteler her sene g\u00f6zden ge\u00e7irilir. \u00dcst y\u00f6netim ekibimiz BRCGS Ambalaj Standard\u0131n\u0131n gerekliliklerinin uygulanmas\u0131na ve \u00fcr\u00fcn g\u00fcvenli\u011finin, kalite y\u00f6netiminin ve tesisimizin \u00fcr\u00fcn g\u00fcvenli\u011fi ve kalite k\u00fclt\u00fcr\u00fcn\u00fcn s\u00fcrekli iyile\u015ftirilmesini kolayla\u015ft\u0131ran s\u00fcre\u00e7lere tam olarak ba\u011fl\u0131 oldu\u011funu taahh\u00fct eder .<\/p>\n\n\n\n<p>Kalite ve G\u0131da G\u00fcvenli\u011fi Y\u00f6netim sistemimizde \u00f6nceden belirlenen t\u00fcm potansiyel tehlikeler ve kontrol noktalar\u0131; prosed\u00fcre edilmi\u015f kontrolleri yap\u0131larak ve \u00f6l\u00e7\u00fcmlerle izlenir ve g\u00fcvence alt\u0131nda tutulur. HARA sistemimiz, konusunda e\u011fitimli ve tecr\u00fcbeli \u00dcr\u00fcn G\u00fcvenli\u011fi Ekibimiz taraf\u0131ndan g\u00f6zden ge\u00e7irilerek kontrol edilmektedir. \u015eirketimizde bulunan her bir birimin \u00dcr\u00fcn G\u00fcvenli\u011fini sa\u011flamaktan sorumlu oldu\u011funu ve \u00fcr\u00fcnlerimizin BRCGS logosu ile sat\u0131lmayaca\u011f\u0131n\u0131 taahh\u00fct ederiz.<\/p>\n\n\n\n<p>Teknolojiyi takip ederek, g\u00fcvenli, hijyenik ve kaliteli \u00fcr\u00fcnleri zaman\u0131nda ve ilk seferde do\u011fru \u00fcreterek ulusal\/uluslararas\u0131 standartlara ve yasalara uygun bir sistem ile m\u00fc\u015fterilerimizi memnun etmek i\u00e7in m\u00fc\u015fteri odakl\u0131 \u00e7al\u0131\u015fmaktay\u0131z.<\/p>\n\n\n\n<p>Kurulu\u015fumuz, b\u00fcnyesindeki personelin bilgi, beceri ve yetkinliklerinin art\u0131r\u0131lmas\u0131 amac\u0131yla gerekli e\u011fitimler planlanmakta ve uygulanmaktad\u0131r.<\/p>\n\n\n\n<p>T\u00fcm \u00e7al\u0131\u015fanlar\u0131m\u0131z Kalite ve \u00dcr\u00fcn G\u00fcvenli\u011fi Politikam\u0131z\u0131n uygulanmas\u0131nda bizzat g\u00f6rev al\u0131r ve son \u00fcr\u00fcnlerimizin politikam\u0131zla uyumlu olmas\u0131 amac\u0131 ile Y\u00f6netim ile birlikte \u00e7al\u0131\u015f\u0131rlar.<\/p>\n\n\n\n<p>Firmam\u0131z Kalite ve \u00dcr\u00fcn G\u00fcvenli\u011fi Sisteminin etkin bir \u015fekilde uygulanmas\u0131 ve BRCGS Standard\u0131 gerekliliklerine uygunlu\u011fun s\u00fcrd\u00fcr\u00fclmesini sa\u011flamak i\u00e7in gerekli olan insan ve finansal kaynaklar\u0131 sa\u011flamaktad\u0131r.<\/p>\n\n\n\n<p>Faaliyetlerimizi yerine getirirken \u00e7evre bilinci ile hareket ederiz. T\u00fcm \u00e7al\u0131\u015fanlar\u0131m\u0131za kar\u015f\u0131 yasal y\u00fck\u00fcml\u00fcl\u00fcklerimizi yerine getiririz. \u0130\u015fe alma, terfi ve tayinlerde \u00f6l\u00e7\u00fc olarak g\u00f6reve uygunluk vas\u0131flar\u0131n\u0131 dikkate al\u0131r, \u00e7al\u0131\u015fanlar aras\u0131nda f\u0131rsat e\u015fitli\u011fi yarat\u0131r\u0131z. \u00c7al\u0131\u015fanlar\u0131m\u0131za y\u00f6nelik uygulamalarda cinsiyet, ya\u015f, etnik k\u00f6ken ve dini inanca y\u00f6nelik ayr\u0131m yapmay\u0131z. Yasalar ve \u015fartlar\u0131n gerektirdi\u011fi seviyede sa\u011fl\u0131kl\u0131 ve g\u00fcvenli \u00e7al\u0131\u015fma \u015fartlar\u0131n\u0131 olu\u015fturur ve geli\u015ftirmeye \u00e7al\u0131\u015f\u0131r\u0131z.<\/p>\n\n\n\n<p><strong>Anda\u00e7 Arslan <\/strong><\/p>\n\n\n\n<p>Genel M\u00fcd\u00fcr<\/p>\n\n\n\n<p><strong>\u00a0\u00a0\u00a0\u00a0\u00a0\u00a0\u00a0\u00a0\u00a0\u00a0\u00a0\u00a0\u00a0\u00a0\u00a0\u00a0\u00a0\u00a0\u00a0\u00a0\u00a0\u00a0\u00a0\u00a0\u00a0\u00a0\u00a0\u00a0\u00a0\u00a0\u00a0\u00a0\u00a0\u00a0\u00a0\u00a0\u00a0\u00a0\u00a0\u00a0\u00a0\u00a0\u00a0\u00a0\u00a0\u00a0\u00a0\u00a0\u00a0\u00a0\u00a0\u00a0\u00a0\u00a0\u00a0\u00a0\u00a0\u00a0\u00a0\u00a0\u00a0\u00a0\u00a0\u00a0\u00a0\u00a0\u00a0\u00a0\u00a0\u00a0\u00a0\u00a0\u00a0\u00a0\u00a0\u00a0\u00a0\u00a0\u00a0\u00a0\u00a0\u00a0\u00a0\u00a0\u00a0\u00a0\u00a0\u00a0\u00a0\u00a0\u00a0\u00a0\u00a0\u00a0\u00a0\u00a0\u00a0\u00a0\u00a0\u00a0\u00a0\u00a0\u00a0\u00a0\u00a0\u00a0\u00a0\u00a0\u00a0\u00a0\u00a0 \u00a0\u00a0\u00a0\u00a0\u00a0\u00a0\u00a0\u00a0\u00a0\u00a0\u00a0\u00a0\u00a0\u00a0\u00a0\u00a0<\/strong><\/p>\n\n\n\n<div class=\"wp-block-group is-layout-constrained\"><div class=\"wp-block-group__inner-container\">\n<div class=\"wp-block-columns is-layout-flex wp-container-3\">\n<div class=\"wp-block-column is-layout-flow\">\n<figure class=\"wp-block-image size-full\"><img decoding=\"async\" loading=\"lazy\" width=\"595\" height=\"841\" src=\"https:\/\/nurpet.com.tr\/wp-content\/uploads\/2025\/05\/ISO9001-TR.png\" alt=\"\" class=\"wp-image-14712\" srcset=\"https:\/\/nurpet.com.tr\/wp-content\/uploads\/2025\/05\/ISO9001-TR.png 595w, https:\/\/nurpet.com.tr\/wp-content\/uploads\/2025\/05\/ISO9001-TR-212x300.png 212w\" sizes=\"(max-width: 595px) 100vw, 595px\" \/><\/figure>\n<\/div>\n\n\n\n<div class=\"wp-block-column is-layout-flow\">\n<figure class=\"wp-block-image size-full\"><img decoding=\"async\" loading=\"lazy\" width=\"595\" height=\"842\" src=\"https:\/\/nurpet.com.tr\/wp-content\/uploads\/2025\/05\/Nurpet-BRCGS-sertifika-pdf.png\" alt=\"\" class=\"wp-image-14714\" srcset=\"https:\/\/nurpet.com.tr\/wp-content\/uploads\/2025\/05\/Nurpet-BRCGS-sertifika-pdf.png 595w, https:\/\/nurpet.com.tr\/wp-content\/uploads\/2025\/05\/Nurpet-BRCGS-sertifika-pdf-212x300.png 212w\" sizes=\"(max-width: 595px) 100vw, 595px\" \/><\/figure>\n<\/div>\n<\/div>\n<\/div><\/div>\n","protected":false},"excerpt":{"rendered":"<p>Nurpet Ambalaj A.\u015e., yasa ve mevzuatlara uyan, her zaman en kaliteli \u00fcr\u00fcnlerle m\u00fc\u015fterilerinin sa\u011fl\u0131\u011f\u0131n\u0131 \u00f6n planda tutan, m\u00fc\u015fteri memnuniyeti odakl\u0131 \u00e7al\u0131\u015fan, i\u00e7 e\u011fitimlere \u00f6nem vererek personelin kat\u0131l\u0131m\u0131n\u0131 sa\u011flayan, s\u00fcrekli iyile\u015fme ve geli\u015fme i\u00e7erisinde olmay\u0131 ama\u00e7 edinmi\u015f bir firmad\u0131r. Kurulu\u015fumuzda, BRCGS Ambalaj Standard\u0131n\u0131n t\u00fcm \u00f6n gereksinim ko\u015fullar\u0131 uygulan\u0131r ve gerekli noktalarda \u00f6l\u00e7\u00fcmler yap\u0131larak yeterlilikleri takip edilir. [&hellip;]<\/p>\n","protected":false},"author":1,"featured_media":0,"parent":0,"menu_order":0,"comment_status":"closed","ping_status":"closed","template":"","meta":[],"_links":{"self":[{"href":"https:\/\/nurpet.com.tr\/tr\/wp-json\/wp\/v2\/pages\/9372"}],"collection":[{"href":"https:\/\/nurpet.com.tr\/tr\/wp-json\/wp\/v2\/pages"}],"about":[{"href":"https:\/\/nurpet.com.tr\/tr\/wp-json\/wp\/v2\/types\/page"}],"author":[{"embeddable":true,"href":"https:\/\/nurpet.com.tr\/tr\/wp-json\/wp\/v2\/users\/1"}],"replies":[{"embeddable":true,"href":"https:\/\/nurpet.com.tr\/tr\/wp-json\/wp\/v2\/comments?post=9372"}],"version-history":[{"count":30,"href":"https:\/\/nurpet.com.tr\/tr\/wp-json\/wp\/v2\/pages\/9372\/revisions"}],"predecessor-version":[{"id":14715,"href":"https:\/\/nurpet.com.tr\/tr\/wp-json\/wp\/v2\/pages\/9372\/revisions\/14715"}],"wp:attachment":[{"href":"https:\/\/nurpet.com.tr\/tr\/wp-json\/wp\/v2\/media?parent=9372"}],"curies":[{"name":"wp","href":"https:\/\/api.w.org\/{rel}","templated":true}]}}