{"id":9373,"date":"2021-05-19T08:24:44","date_gmt":"2021-05-19T05:24:44","guid":{"rendered":"https:\/\/nurpet.com.tr\/social-responsibility\/"},"modified":"2021-05-28T16:35:52","modified_gmt":"2021-05-28T13:35:52","slug":"sosyal-sorumluluk","status":"publish","type":"page","link":"https:\/\/nurpet.com.tr\/tr\/sosyal-sorumluluk\/","title":{"rendered":"Sosyal Sorumluluk"},"content":{"rendered":"\n<div class=\"wp-block-columns is-layout-flex wp-container-3\">\n<div class=\"wp-block-column is-layout-flow\">\n<p>Nurpet Ambalaj olarak t\u00fcm \u00e7al\u0131\u015fmalar\u0131m\u0131z\u0131, toplumsal sorumluluk ve bilin\u00e7 anlay\u0131\u015f\u0131 \u00e7er\u00e7evesinde yapmaya \u00f6zen g\u00f6steririz.<\/p>\n\n\n\n<ol><li>Faaliyetlerimizi y\u00fcr\u00fct\u00fcrken hizmet verdi\u011fimiz kesim, \u00fclkemiz ve t\u00fcm insanl\u0131\u011fa kar\u015f\u0131 \u00fcstlendi\u011fimiz sosyal sorumluluklar\u0131n bilinciyle hareket eder ve sorumluluklar\u0131m\u0131z\u0131 duyarl\u0131l\u0131kla yerine getiririz.<\/li><li>Bizler fayda verecek kazanc\u0131n pe\u015findeyiz. Fayda verecek kazan\u00e7 t\u00fcm payda\u015flar\u0131m\u0131z\u0131n, i\u00e7inde ya\u015fad\u0131\u011f\u0131m\u0131z toplumun hakl\u0131 memnuniyeti ile sa\u011flan\u0131r. Bundan hareketle yat\u0131r\u0131mlar\u0131m\u0131z\u0131n \u00e7evre ve kamu sa\u011fl\u0131\u011f\u0131 a\u00e7\u0131s\u0131ndan ilgili mevzuata uygun olmas\u0131na \u00f6zen g\u00f6steririz.<\/li><li>Sosyal sorumluluk misyonu ta\u015f\u0131yan projelere ve \u00e7al\u0131\u015fmalara madd\u00ee-manev\u00ee katk\u0131da bulunmay\u0131, gerekti\u011finde bizzat i\u00e7inde yer almay\u0131 ve bu anlay\u0131\u015f\u0131n yerle\u015fmesinde aktif rol oynamay\u0131 bir g\u00f6rev addederiz.<\/li><li>Faaliyetlerimizin bulundu\u011fu b\u00f6lgelerin gelenek ve k\u00fclt\u00fcrlerine sayg\u0131l\u0131 ve uyumlu davran\u0131r\u0131z.<\/li><li>Toplumun geli\u015fimine katk\u0131 sa\u011flamak maksad\u0131yla \u00f6zellikle kendi alan\u0131m\u0131z ile ilgili olarak sekt\u00f6re ve topluma e\u011fitim deste\u011fi sunmakta aktif rol al\u0131r\u0131z.<\/li><li>Sekt\u00f6rel kalk\u0131nmaya \u00f6nem verir; bu kapsamda sivil toplum kurulu\u015flar\u0131, kamu ve \u00f6zel sekt\u00f6rden kurumlarla i\u015fbirli\u011fi h\u00e2linde oluruz.<\/li><\/ol>\n<\/div>\n\n\n\n<div class=\"wp-block-column is-layout-flow\">\n<figure class=\"wp-block-image size-large\"><img decoding=\"async\" loading=\"lazy\" width=\"444\" height=\"444\" src=\"https:\/\/nurpet.com.tr\/wp-content\/uploads\/2021\/05\/quality.png\" alt=\"\" class=\"wp-image-6736\" srcset=\"https:\/\/nurpet.com.tr\/wp-content\/uploads\/2021\/05\/quality.png 444w, https:\/\/nurpet.com.tr\/wp-content\/uploads\/2021\/05\/quality-300x300.png 300w, https:\/\/nurpet.com.tr\/wp-content\/uploads\/2021\/05\/quality-150x150.png 150w\" sizes=\"(max-width: 444px) 100vw, 444px\" \/><\/figure>\n<\/div>\n<\/div>\n","protected":false},"excerpt":{"rendered":"<p>Nurpet Ambalaj olarak t\u00fcm \u00e7al\u0131\u015fmalar\u0131m\u0131z\u0131, toplumsal sorumluluk ve bilin\u00e7 anlay\u0131\u015f\u0131 \u00e7er\u00e7evesinde yapmaya \u00f6zen g\u00f6steririz. Faaliyetlerimizi y\u00fcr\u00fct\u00fcrken hizmet verdi\u011fimiz kesim, \u00fclkemiz ve t\u00fcm insanl\u0131\u011fa kar\u015f\u0131 \u00fcstlendi\u011fimiz sosyal sorumluluklar\u0131n bilinciyle hareket eder ve sorumluluklar\u0131m\u0131z\u0131 duyarl\u0131l\u0131kla yerine getiririz. Bizler fayda verecek kazanc\u0131n pe\u015findeyiz. Fayda verecek kazan\u00e7 t\u00fcm payda\u015flar\u0131m\u0131z\u0131n, i\u00e7inde ya\u015fad\u0131\u011f\u0131m\u0131z toplumun hakl\u0131 memnuniyeti ile sa\u011flan\u0131r. Bundan hareketle yat\u0131r\u0131mlar\u0131m\u0131z\u0131n [&hellip;]<\/p>\n","protected":false},"author":1,"featured_media":0,"parent":0,"menu_order":0,"comment_status":"closed","ping_status":"closed","template":"","meta":[],"_links":{"self":[{"href":"https:\/\/nurpet.com.tr\/tr\/wp-json\/wp\/v2\/pages\/9373"}],"collection":[{"href":"https:\/\/nurpet.com.tr\/tr\/wp-json\/wp\/v2\/pages"}],"about":[{"href":"https:\/\/nurpet.com.tr\/tr\/wp-json\/wp\/v2\/types\/page"}],"author":[{"embeddable":true,"href":"https:\/\/nurpet.com.tr\/tr\/wp-json\/wp\/v2\/users\/1"}],"replies":[{"embeddable":true,"href":"https:\/\/nurpet.com.tr\/tr\/wp-json\/wp\/v2\/comments?post=9373"}],"version-history":[{"count":3,"href":"https:\/\/nurpet.com.tr\/tr\/wp-json\/wp\/v2\/pages\/9373\/revisions"}],"predecessor-version":[{"id":9533,"href":"https:\/\/nurpet.com.tr\/tr\/wp-json\/wp\/v2\/pages\/9373\/revisions\/9533"}],"wp:attachment":[{"href":"https:\/\/nurpet.com.tr\/tr\/wp-json\/wp\/v2\/media?parent=9373"}],"curies":[{"name":"wp","href":"https:\/\/api.w.org\/{rel}","templated":true}]}}