{"id":13059,"date":"2022-01-10T08:41:15","date_gmt":"2022-01-10T05:41:15","guid":{"rendered":"https:\/\/nurpet.com.tr\/products\/70mm-duz-tirtikli-kapak\/"},"modified":"2022-01-10T09:01:06","modified_gmt":"2022-01-10T06:01:06","slug":"70mm-duz-tirtikli-kapak","status":"publish","type":"product","link":"https:\/\/nurpet.com.tr\/tr\/products\/70mm-duz-tirtikli-kapak\/","title":{"rendered":"70mm D\u00fcz T\u0131rt\u0131kl\u0131 Kapak"},"content":{"rendered":"","protected":false},"excerpt":{"rendered":"","protected":false},"author":1,"featured_media":13058,"comment_status":"open","ping_status":"closed","template":"","product_category":[69],"product_color":[13],"product_type":[],"product_neck":[],"product_sector":[],"product_family":[],"_links":{"self":[{"href":"https:\/\/nurpet.com.tr\/tr\/wp-json\/wp\/v2\/product\/13059"}],"collection":[{"href":"https:\/\/nurpet.com.tr\/tr\/wp-json\/wp\/v2\/product"}],"about":[{"href":"https:\/\/nurpet.com.tr\/tr\/wp-json\/wp\/v2\/types\/product"}],"author":[{"embeddable":true,"href":"https:\/\/nurpet.com.tr\/tr\/wp-json\/wp\/v2\/users\/1"}],"replies":[{"embeddable":true,"href":"https:\/\/nurpet.com.tr\/tr\/wp-json\/wp\/v2\/comments?post=13059"}],"wp:featuredmedia":[{"embeddable":true,"href":"https:\/\/nurpet.com.tr\/tr\/wp-json\/wp\/v2\/media\/13058"}],"wp:attachment":[{"href":"https:\/\/nurpet.com.tr\/tr\/wp-json\/wp\/v2\/media?parent=13059"}],"wp:term":[{"taxonomy":"product_category","embeddable":true,"href":"https:\/\/nurpet.com.tr\/tr\/wp-json\/wp\/v2\/product_category?post=13059"},{"taxonomy":"product_color","embeddable":true,"href":"https:\/\/nurpet.com.tr\/tr\/wp-json\/wp\/v2\/product_color?post=13059"},{"taxonomy":"product_type","embeddable":true,"href":"https:\/\/nurpet.com.tr\/tr\/wp-json\/wp\/v2\/product_type?post=13059"},{"taxonomy":"product_neck","embeddable":true,"href":"https:\/\/nurpet.com.tr\/tr\/wp-json\/wp\/v2\/product_neck?post=13059"},{"taxonomy":"product_sector","embeddable":true,"href":"https:\/\/nurpet.com.tr\/tr\/wp-json\/wp\/v2\/product_sector?post=13059"},{"taxonomy":"product_family","embeddable":true,"href":"https:\/\/nurpet.com.tr\/tr\/wp-json\/wp\/v2\/product_family?post=13059"}],"curies":[{"name":"wp","href":"https:\/\/api.w.org\/{rel}","templated":true}]}}