{"id":13952,"date":"2024-12-27T13:12:45","date_gmt":"2024-12-27T10:12:45","guid":{"rendered":"https:\/\/nurpet.com.tr\/?post_type=product&#038;p=13952"},"modified":"2024-12-27T15:01:59","modified_gmt":"2024-12-27T12:01:59","slug":"110mm-rose-gold-tirtikli-kumlu-kapak-2","status":"publish","type":"product","link":"https:\/\/nurpet.com.tr\/tr\/products\/110mm-rose-gold-tirtikli-kumlu-kapak-2\/","title":{"rendered":"110mm Rose Gold T\u0131rt\u0131kl\u0131 Kumlu Kapak"},"content":{"rendered":"","protected":false},"excerpt":{"rendered":"","protected":false},"author":1,"featured_media":13949,"comment_status":"open","ping_status":"closed","template":"","product_category":[69],"product_color":[],"product_type":[],"product_neck":[],"product_sector":[],"product_family":[],"_links":{"self":[{"href":"https:\/\/nurpet.com.tr\/tr\/wp-json\/wp\/v2\/product\/13952"}],"collection":[{"href":"https:\/\/nurpet.com.tr\/tr\/wp-json\/wp\/v2\/product"}],"about":[{"href":"https:\/\/nurpet.com.tr\/tr\/wp-json\/wp\/v2\/types\/product"}],"author":[{"embeddable":true,"href":"https:\/\/nurpet.com.tr\/tr\/wp-json\/wp\/v2\/users\/1"}],"replies":[{"embeddable":true,"href":"https:\/\/nurpet.com.tr\/tr\/wp-json\/wp\/v2\/comments?post=13952"}],"wp:featuredmedia":[{"embeddable":true,"href":"https:\/\/nurpet.com.tr\/tr\/wp-json\/wp\/v2\/media\/13949"}],"wp:attachment":[{"href":"https:\/\/nurpet.com.tr\/tr\/wp-json\/wp\/v2\/media?parent=13952"}],"wp:term":[{"taxonomy":"product_category","embeddable":true,"href":"https:\/\/nurpet.com.tr\/tr\/wp-json\/wp\/v2\/product_category?post=13952"},{"taxonomy":"product_color","embeddable":true,"href":"https:\/\/nurpet.com.tr\/tr\/wp-json\/wp\/v2\/product_color?post=13952"},{"taxonomy":"product_type","embeddable":true,"href":"https:\/\/nurpet.com.tr\/tr\/wp-json\/wp\/v2\/product_type?post=13952"},{"taxonomy":"product_neck","embeddable":true,"href":"https:\/\/nurpet.com.tr\/tr\/wp-json\/wp\/v2\/product_neck?post=13952"},{"taxonomy":"product_sector","embeddable":true,"href":"https:\/\/nurpet.com.tr\/tr\/wp-json\/wp\/v2\/product_sector?post=13952"},{"taxonomy":"product_family","embeddable":true,"href":"https:\/\/nurpet.com.tr\/tr\/wp-json\/wp\/v2\/product_family?post=13952"}],"curies":[{"name":"wp","href":"https:\/\/api.w.org\/{rel}","templated":true}]}}