{"id":13991,"date":"2024-12-27T17:54:51","date_gmt":"2024-12-27T14:54:51","guid":{"rendered":"https:\/\/nurpet.com.tr\/?post_type=product&#038;p=13991"},"modified":"2024-12-27T17:54:52","modified_gmt":"2024-12-27T14:54:52","slug":"63mm-siyah-tirtikli-kapak","status":"publish","type":"product","link":"https:\/\/nurpet.com.tr\/tr\/products\/63mm-siyah-tirtikli-kapak\/","title":{"rendered":"63mm Siyah T\u0131rt\u0131kl\u0131 Kapak"},"content":{"rendered":"\n<p>63mm T\u0131rt\u0131kl\u0131 Kapak<\/p>\n","protected":false},"excerpt":{"rendered":"<p>63mm T\u0131rt\u0131kl\u0131 Kapak<\/p>\n","protected":false},"author":1,"featured_media":13992,"comment_status":"open","ping_status":"closed","template":"","product_category":[69],"product_color":[],"product_type":[],"product_neck":[],"product_sector":[],"product_family":[],"_links":{"self":[{"href":"https:\/\/nurpet.com.tr\/tr\/wp-json\/wp\/v2\/product\/13991"}],"collection":[{"href":"https:\/\/nurpet.com.tr\/tr\/wp-json\/wp\/v2\/product"}],"about":[{"href":"https:\/\/nurpet.com.tr\/tr\/wp-json\/wp\/v2\/types\/product"}],"author":[{"embeddable":true,"href":"https:\/\/nurpet.com.tr\/tr\/wp-json\/wp\/v2\/users\/1"}],"replies":[{"embeddable":true,"href":"https:\/\/nurpet.com.tr\/tr\/wp-json\/wp\/v2\/comments?post=13991"}],"wp:featuredmedia":[{"embeddable":true,"href":"https:\/\/nurpet.com.tr\/tr\/wp-json\/wp\/v2\/media\/13992"}],"wp:attachment":[{"href":"https:\/\/nurpet.com.tr\/tr\/wp-json\/wp\/v2\/media?parent=13991"}],"wp:term":[{"taxonomy":"product_category","embeddable":true,"href":"https:\/\/nurpet.com.tr\/tr\/wp-json\/wp\/v2\/product_category?post=13991"},{"taxonomy":"product_color","embeddable":true,"href":"https:\/\/nurpet.com.tr\/tr\/wp-json\/wp\/v2\/product_color?post=13991"},{"taxonomy":"product_type","embeddable":true,"href":"https:\/\/nurpet.com.tr\/tr\/wp-json\/wp\/v2\/product_type?post=13991"},{"taxonomy":"product_neck","embeddable":true,"href":"https:\/\/nurpet.com.tr\/tr\/wp-json\/wp\/v2\/product_neck?post=13991"},{"taxonomy":"product_sector","embeddable":true,"href":"https:\/\/nurpet.com.tr\/tr\/wp-json\/wp\/v2\/product_sector?post=13991"},{"taxonomy":"product_family","embeddable":true,"href":"https:\/\/nurpet.com.tr\/tr\/wp-json\/wp\/v2\/product_family?post=13991"}],"curies":[{"name":"wp","href":"https:\/\/api.w.org\/{rel}","templated":true}]}}