{"id":5748,"date":"2021-05-19T07:59:13","date_gmt":"2021-05-19T04:59:13","guid":{"rendered":"https:\/\/nurpet.com.tr\/products\/110mm-gomme-kulplu-kapak\/"},"modified":"2021-06-01T17:07:33","modified_gmt":"2021-06-01T14:07:33","slug":"110mm-gomme-kulplu-kapak","status":"publish","type":"product","link":"https:\/\/nurpet.com.tr\/tr\/products\/110mm-gomme-kulplu-kapak\/","title":{"rendered":"110mm G\u00f6mme Kulplu Kapak"},"content":{"rendered":"<p>110mm G\u00f6mme Kulplu Kapak, 110mm Takma Kulplu Kapak, 110mm D\u00fcz T\u0131rt\u0131kl\u0131 Kapak<\/p>\n","protected":false},"excerpt":{"rendered":"<p>110mm G&ouml;mme Kulplu Kapak, 110mm Takma Kulplu Kapak, 110mm D&uuml;z T\u0131rt\u0131kl\u0131 Kapak<\/p>\n","protected":false},"author":1,"featured_media":9701,"comment_status":"open","ping_status":"open","template":"","product_category":[69],"product_color":[],"product_type":[],"product_neck":[],"product_sector":[],"product_family":[],"_links":{"self":[{"href":"https:\/\/nurpet.com.tr\/tr\/wp-json\/wp\/v2\/product\/5748"}],"collection":[{"href":"https:\/\/nurpet.com.tr\/tr\/wp-json\/wp\/v2\/product"}],"about":[{"href":"https:\/\/nurpet.com.tr\/tr\/wp-json\/wp\/v2\/types\/product"}],"author":[{"embeddable":true,"href":"https:\/\/nurpet.com.tr\/tr\/wp-json\/wp\/v2\/users\/1"}],"replies":[{"embeddable":true,"href":"https:\/\/nurpet.com.tr\/tr\/wp-json\/wp\/v2\/comments?post=5748"}],"wp:featuredmedia":[{"embeddable":true,"href":"https:\/\/nurpet.com.tr\/tr\/wp-json\/wp\/v2\/media\/9701"}],"wp:attachment":[{"href":"https:\/\/nurpet.com.tr\/tr\/wp-json\/wp\/v2\/media?parent=5748"}],"wp:term":[{"taxonomy":"product_category","embeddable":true,"href":"https:\/\/nurpet.com.tr\/tr\/wp-json\/wp\/v2\/product_category?post=5748"},{"taxonomy":"product_color","embeddable":true,"href":"https:\/\/nurpet.com.tr\/tr\/wp-json\/wp\/v2\/product_color?post=5748"},{"taxonomy":"product_type","embeddable":true,"href":"https:\/\/nurpet.com.tr\/tr\/wp-json\/wp\/v2\/product_type?post=5748"},{"taxonomy":"product_neck","embeddable":true,"href":"https:\/\/nurpet.com.tr\/tr\/wp-json\/wp\/v2\/product_neck?post=5748"},{"taxonomy":"product_sector","embeddable":true,"href":"https:\/\/nurpet.com.tr\/tr\/wp-json\/wp\/v2\/product_sector?post=5748"},{"taxonomy":"product_family","embeddable":true,"href":"https:\/\/nurpet.com.tr\/tr\/wp-json\/wp\/v2\/product_family?post=5748"}],"curies":[{"name":"wp","href":"https:\/\/api.w.org\/{rel}","templated":true}]}}