{"id":5808,"date":"2021-05-19T07:59:58","date_gmt":"2021-05-19T04:59:58","guid":{"rendered":"https:\/\/nurpet.com.tr\/products\/38mm-kuecuek-plastik-oeguetuecue\/"},"modified":"2021-06-01T16:57:12","modified_gmt":"2021-06-01T13:57:12","slug":"38mm-kuecuek-plastik-oeguetuecue","status":"publish","type":"product","link":"https:\/\/nurpet.com.tr\/tr\/products\/38mm-kuecuek-plastik-oeguetuecue\/","title":{"rendered":"38mm K\u00fc\u00e7\u00fck Plastik \u00d6\u011f\u00fct\u00fcc\u00fc"},"content":{"rendered":"<table border=\"0\" cellpadding=\"0\" cellspacing=\"0\" style=\"width:64px\">\n<tbody>\n<tr>\n<td style=\"height:20px; width:64px\">&nbsp;38mm K\u00fc\u00e7\u00fck Plastik \u00d6\u011f\u00fct\u00fcc\u00fc<\/td>\n<\/tr>\n<\/tbody>\n<\/table>\n","protected":false},"excerpt":{"rendered":"<table border=\"0\" cellpadding=\"0\" cellspacing=\"0\" style=\"width:64px\">\n<tbody>\n<tr>\n<td style=\"height:20px; width:64px\">&nbsp;38mm K&uuml;&ccedil;&uuml;k Plastik &Ouml;\u011f&uuml;t&uuml;c&uuml;<\/td>\n<\/tr>\n<\/tbody>\n<\/table>\n","protected":false},"author":1,"featured_media":9675,"comment_status":"open","ping_status":"open","template":"","product_category":[69],"product_color":[],"product_type":[],"product_neck":[],"product_sector":[],"product_family":[],"_links":{"self":[{"href":"https:\/\/nurpet.com.tr\/tr\/wp-json\/wp\/v2\/product\/5808"}],"collection":[{"href":"https:\/\/nurpet.com.tr\/tr\/wp-json\/wp\/v2\/product"}],"about":[{"href":"https:\/\/nurpet.com.tr\/tr\/wp-json\/wp\/v2\/types\/product"}],"author":[{"embeddable":true,"href":"https:\/\/nurpet.com.tr\/tr\/wp-json\/wp\/v2\/users\/1"}],"replies":[{"embeddable":true,"href":"https:\/\/nurpet.com.tr\/tr\/wp-json\/wp\/v2\/comments?post=5808"}],"wp:featuredmedia":[{"embeddable":true,"href":"https:\/\/nurpet.com.tr\/tr\/wp-json\/wp\/v2\/media\/9675"}],"wp:attachment":[{"href":"https:\/\/nurpet.com.tr\/tr\/wp-json\/wp\/v2\/media?parent=5808"}],"wp:term":[{"taxonomy":"product_category","embeddable":true,"href":"https:\/\/nurpet.com.tr\/tr\/wp-json\/wp\/v2\/product_category?post=5808"},{"taxonomy":"product_color","embeddable":true,"href":"https:\/\/nurpet.com.tr\/tr\/wp-json\/wp\/v2\/product_color?post=5808"},{"taxonomy":"product_type","embeddable":true,"href":"https:\/\/nurpet.com.tr\/tr\/wp-json\/wp\/v2\/product_type?post=5808"},{"taxonomy":"product_neck","embeddable":true,"href":"https:\/\/nurpet.com.tr\/tr\/wp-json\/wp\/v2\/product_neck?post=5808"},{"taxonomy":"product_sector","embeddable":true,"href":"https:\/\/nurpet.com.tr\/tr\/wp-json\/wp\/v2\/product_sector?post=5808"},{"taxonomy":"product_family","embeddable":true,"href":"https:\/\/nurpet.com.tr\/tr\/wp-json\/wp\/v2\/product_family?post=5808"}],"curies":[{"name":"wp","href":"https:\/\/api.w.org\/{rel}","templated":true}]}}