{"id":5814,"date":"2021-05-19T07:59:58","date_gmt":"2021-05-19T04:59:58","guid":{"rendered":"https:\/\/nurpet.com.tr\/products\/38mm-seffaf-ogutucu\/"},"modified":"2021-06-01T16:55:39","modified_gmt":"2021-06-01T13:55:39","slug":"38mm-seffaf-ogutucu","status":"publish","type":"product","link":"https:\/\/nurpet.com.tr\/tr\/products\/38mm-seffaf-ogutucu\/","title":{"rendered":"38mm \u015eeffaf \u00d6\u011f\u00fct\u00fcc\u00fc"},"content":{"rendered":"<p>38mm \u015eeffaf \u00d6\u011f\u00fct\u00fcc\u00fc<\/p>\n","protected":false},"excerpt":{"rendered":"<p>38mm \u015eeffaf &Ouml;\u011f&uuml;t&uuml;c&uuml;<\/p>\n","protected":false},"author":1,"featured_media":9673,"comment_status":"open","ping_status":"open","template":"","product_category":[69],"product_color":[],"product_type":[],"product_neck":[],"product_sector":[],"product_family":[],"_links":{"self":[{"href":"https:\/\/nurpet.com.tr\/tr\/wp-json\/wp\/v2\/product\/5814"}],"collection":[{"href":"https:\/\/nurpet.com.tr\/tr\/wp-json\/wp\/v2\/product"}],"about":[{"href":"https:\/\/nurpet.com.tr\/tr\/wp-json\/wp\/v2\/types\/product"}],"author":[{"embeddable":true,"href":"https:\/\/nurpet.com.tr\/tr\/wp-json\/wp\/v2\/users\/1"}],"replies":[{"embeddable":true,"href":"https:\/\/nurpet.com.tr\/tr\/wp-json\/wp\/v2\/comments?post=5814"}],"wp:featuredmedia":[{"embeddable":true,"href":"https:\/\/nurpet.com.tr\/tr\/wp-json\/wp\/v2\/media\/9673"}],"wp:attachment":[{"href":"https:\/\/nurpet.com.tr\/tr\/wp-json\/wp\/v2\/media?parent=5814"}],"wp:term":[{"taxonomy":"product_category","embeddable":true,"href":"https:\/\/nurpet.com.tr\/tr\/wp-json\/wp\/v2\/product_category?post=5814"},{"taxonomy":"product_color","embeddable":true,"href":"https:\/\/nurpet.com.tr\/tr\/wp-json\/wp\/v2\/product_color?post=5814"},{"taxonomy":"product_type","embeddable":true,"href":"https:\/\/nurpet.com.tr\/tr\/wp-json\/wp\/v2\/product_type?post=5814"},{"taxonomy":"product_neck","embeddable":true,"href":"https:\/\/nurpet.com.tr\/tr\/wp-json\/wp\/v2\/product_neck?post=5814"},{"taxonomy":"product_sector","embeddable":true,"href":"https:\/\/nurpet.com.tr\/tr\/wp-json\/wp\/v2\/product_sector?post=5814"},{"taxonomy":"product_family","embeddable":true,"href":"https:\/\/nurpet.com.tr\/tr\/wp-json\/wp\/v2\/product_family?post=5814"}],"curies":[{"name":"wp","href":"https:\/\/api.w.org\/{rel}","templated":true}]}}