{"id":5837,"date":"2021-05-19T07:59:58","date_gmt":"2021-05-19T04:59:58","guid":{"rendered":"https:\/\/nurpet.com.tr\/products\/38mm-gecmeli-plastik-ogutucu\/"},"modified":"2021-08-24T10:12:11","modified_gmt":"2021-08-24T07:12:11","slug":"38mm-gecmeli-plastik-ogutucu","status":"publish","type":"product","link":"https:\/\/nurpet.com.tr\/tr\/products\/38mm-gecmeli-plastik-ogutucu\/","title":{"rendered":"38mm Ge\u00e7meli Plastik \u00d6\u011f\u00fct\u00fcc\u00fc"},"content":{"rendered":"<table border=\"0\" cellpadding=\"0\" cellspacing=\"0\" style=\"width:64px\">\n<tbody>\n<tr>\n<td style=\"height:15.0pt; width:48pt\">38mm Ge\u00e7meli Plastik \u00d6\u011f\u00fct\u00fcc\u00fc<\/td>\n<\/tr>\n<\/tbody>\n<\/table>\n","protected":false},"excerpt":{"rendered":"<table border=\"0\" cellpadding=\"0\" cellspacing=\"0\" style=\"width:64px\">\n<tbody>\n<tr>\n<td style=\"height:15.0pt; width:48pt\">38mm Ge&ccedil;meli Plastik &Ouml;\u011f&uuml;t&uuml;c&uuml;<\/td>\n<\/tr>\n<\/tbody>\n<\/table>\n","protected":false},"author":1,"featured_media":9679,"comment_status":"open","ping_status":"open","template":"","product_category":[69],"product_color":[],"product_type":[],"product_neck":[],"product_sector":[],"product_family":[],"_links":{"self":[{"href":"https:\/\/nurpet.com.tr\/tr\/wp-json\/wp\/v2\/product\/5837"}],"collection":[{"href":"https:\/\/nurpet.com.tr\/tr\/wp-json\/wp\/v2\/product"}],"about":[{"href":"https:\/\/nurpet.com.tr\/tr\/wp-json\/wp\/v2\/types\/product"}],"author":[{"embeddable":true,"href":"https:\/\/nurpet.com.tr\/tr\/wp-json\/wp\/v2\/users\/1"}],"replies":[{"embeddable":true,"href":"https:\/\/nurpet.com.tr\/tr\/wp-json\/wp\/v2\/comments?post=5837"}],"wp:featuredmedia":[{"embeddable":true,"href":"https:\/\/nurpet.com.tr\/tr\/wp-json\/wp\/v2\/media\/9679"}],"wp:attachment":[{"href":"https:\/\/nurpet.com.tr\/tr\/wp-json\/wp\/v2\/media?parent=5837"}],"wp:term":[{"taxonomy":"product_category","embeddable":true,"href":"https:\/\/nurpet.com.tr\/tr\/wp-json\/wp\/v2\/product_category?post=5837"},{"taxonomy":"product_color","embeddable":true,"href":"https:\/\/nurpet.com.tr\/tr\/wp-json\/wp\/v2\/product_color?post=5837"},{"taxonomy":"product_type","embeddable":true,"href":"https:\/\/nurpet.com.tr\/tr\/wp-json\/wp\/v2\/product_type?post=5837"},{"taxonomy":"product_neck","embeddable":true,"href":"https:\/\/nurpet.com.tr\/tr\/wp-json\/wp\/v2\/product_neck?post=5837"},{"taxonomy":"product_sector","embeddable":true,"href":"https:\/\/nurpet.com.tr\/tr\/wp-json\/wp\/v2\/product_sector?post=5837"},{"taxonomy":"product_family","embeddable":true,"href":"https:\/\/nurpet.com.tr\/tr\/wp-json\/wp\/v2\/product_family?post=5837"}],"curies":[{"name":"wp","href":"https:\/\/api.w.org\/{rel}","templated":true}]}}